{"id":30,"date":"2017-06-19T07:07:27","date_gmt":"2017-06-19T05:07:27","guid":{"rendered":"http:\/\/robertsavoie.com\/membres\/index.php\/about\/"},"modified":"2025-04-23T19:00:51","modified_gmt":"2025-04-23T17:00:51","slug":"tableau-de-bord","status":"publish","type":"page","link":"https:\/\/robertsavoie.com\/membres\/tableau-de-bord\/","title":{"rendered":"Tableau de bord"},"content":{"rendered":"<h2>\n\t\t\t\t\tMON TABLEAU DE BORD\n\t\t\t\t<\/h2>\n\t<h4>\n\t\t\t\t\tBienvenue \n\t\t\t\t<\/h4>\n\t\t\t<p><a href=\"https:\/\/robertsavoie.com\/membres\/mot-de-passe\/\" target=\"_blank\" rel=\"noopener\">Cliquez ici pour changer votre mot de passe<\/a><\/p>\n<p>Vous trouverez ci-bas l'acc\u00e8s \u00e0 vos formations.<\/p>\n<h3>\n\t\tMembership\n\t<\/h3>\n\t\t\t\t\t\t<a href=\"https:\/\/robertsavoie.com\/membres\/programme-scan-se-choisir-a-nouveau-janvier-2023-2-2\/\" target=\"_blank\" role=\"button\" rel=\"noopener\">\n\t\t\t\tD\u00c9BUTER ICI\t\t\t<\/a>\n<h3>\n\t\tProgramme Ph\u00e9nix \n\t<\/h3>\n\t\t\tPROGRAMME PH\u00c9NIX\n\t\t\t<p>COHORTE 5<\/p>\n\t\t\t\t\t\t<a href=\"https:\/\/robertsavoie.com\/membres\/programme-phenix-c5-septembre-2023\/\" target=\"_blank\" role=\"button\" rel=\"noopener\">\n\t\t\t\tD\u00c9BUTER ICI\t\t\t<\/a>\n\t\t\tPROGRAMME PH\u00c9NIX \n\t\t\t<p>COHORTE 4<\/p>\n\t\t\t\t\t\t<a href=\"https:\/\/robertsavoie.com\/membres\/programme-phenix\/\" target=\"_blank\" role=\"button\" rel=\"noopener\">\n\t\t\t\tD\u00c9BUTER ICI \t\t\t<\/a>\n\t\t\tPROGRAMME PH\u00c9NIX\n\t\t\t<p>ANCIENNES COHORTES<\/p>\n\t\t\t\t\t\t<a href=\"https:\/\/robertsavoie.com\/membres\/programme-phenix-en-ligne\/\" target=\"_blank\" role=\"button\" rel=\"noopener\">\n\t\t\t\tD\u00c9BUTER ICI\t\t\t<\/a>\n\t\t\tPROGRAMME PH\u00c9NIX\n\t\t\t<p>PROMO MAI 2022<\/p>\n\t\t\t\t\t\t<a href=\"https:\/\/robertsavoie.com\/membres\/programme-phenix-en-ligne\/\" target=\"_blank\" role=\"button\" rel=\"noopener\">\n\t\t\t\tD\u00c9BUTER ICI \t\t\t<\/a>\n<h3>\n\t\tProgramme en ligne\n\t<\/h3>\n\t\t\tCHEMIN DE V\u00c9RIT\u00c9\n\t\t\t<p>CDV-Novembre 2022<\/p>\n\t\t\t\t\t\t<a href=\"https:\/\/robertsavoie.com\/membres\/programme-chemin-de-verite-cdv-novembre-2022\/\" target=\"_blank\" role=\"button\" rel=\"noopener\">\n\t\t\t\tD\u00c9BUTER ICI\t\t\t<\/a>\n\t\t\tBelieve\n\t\t\t\t\t\t<a href=\"https:\/\/robertsavoie.com\/membres\/believe\/\" target=\"_self\" role=\"button\" rel=\"noopener\">\n\t\t\t\tD\u00c9BUTER ICI\t\t\t<\/a>\n\t\t\t\t\t\t<a href=\"https:\/\/robertsavoie.com\/membres\/bienvenue-au-programme-se-choisir\/\" target=\"_blank\" role=\"button\" rel=\"noopener\">\n\t\t\t\tD\u00c9BUTER ICI\t\t\t<\/a>\n\t\t\tPROGRAMME VIVRE\n\t\t\t<p>Cohorte 1<\/p>\n\t\t\t\t\t\t<a href=\"https:\/\/robertsavoie.com\/membres\/programme-vivre\/\" target=\"_blank\" role=\"button\" rel=\"noopener\">\n\t\t\t\tD\u00c9BUTER ICI\t\t\t<\/a>\n<h3>\n\t\t Sommet \/ Bootcamp \/ D\u00e9fi \n\t<\/h3>\n\t\t\tSOMMET LIBRE D'\u00caTRE SOI\n\t\t\t<p>\u00a02024<\/p>\n\t\t\t\t\t\t<a href=\"\/membres\/sommet-2024-vip\" target=\"_self\" role=\"button\" rel=\"noopener\">\n\t\t\t\tD\u00c9BUTER ICI\t\t\t<\/a>\n\t\t\tSOMMET ACCEPTER SA DIFF\u00c9RENCE\n\t\t\t<p>\u00a02022<\/p>\n\t\t\t\t\t\t<a href=\"https:\/\/robertsavoie.com\/membres\/sommet-2022\" target=\"_blank\" role=\"button\" rel=\"noopener\">\n\t\t\t\tD\u00c9BUTER ICI \t\t\t<\/a>\n\t\t\t<br \/><br \/>\n\t\t\t\t\t\t<a href=\"https:\/\/robertsavoie.com\/membres\/bootcamp-evasion\/\" target=\"_self\" role=\"button\" rel=\"noopener\">\n\t\t\t\tD\u00c9BUTER ICI\t\t\t<\/a>\n\t\t\t\t\t\t<a href=\"https:\/\/robertsavoie.com\/membres\/arreter-de-soublier\/\" target=\"_self\" role=\"button\" rel=\"noopener\">\n\t\t\t\tD\u00c9BUTER ICI\t\t\t<\/a>\n<h3>\n\t\tProgramme Freedom\n\t<\/h3>\n\t\t\tPROGRAMME FREEDOM\n\t\t\t<p>Cohorte 7<br \/>Acc\u00e8s \u00e0 vie ! <\/p>\n<h6>D\u00e9but en mars 2025<\/h6>\n\t\t\t\t\t\t<a href=\"https:\/\/robertsavoie.com\/membres\/freedom-cohorte-7\/\" target=\"_blank\" role=\"button\" rel=\"noopener\">\n\t\t\t\tD\u00c9BUTER ICI\t\t\t<\/a>\n\t\t\tPROGRAMME FREEDOM\n\t\t\t<p>Cohorte 6<br \/>Acc\u00e8s jusqu'au 16 janvier 2026<\/p>\n\t\t\t\t\t\t<a href=\"https:\/\/robertsavoie.com\/membres\/freedom-cohorte-6\/\" target=\"_blank\" role=\"button\" rel=\"noopener\">\n\t\t\t\tD\u00c9BUTER ICI\t\t\t<\/a>\n\t\t\tPROGRAMME FREEDOM\n\t\t\t<p>Cohorte 5<br \/>Acc\u00e8s jusqu'au 31 mai 2024<\/p>\n\t\t\t\t\t\t<a href=\"https:\/\/robertsavoie.com\/membres\/freedom-cohorte-5\/\" target=\"_blank\" role=\"button\" rel=\"noopener\">\n\t\t\t\tD\u00c9BUTER ICI\t\t\t<\/a>\n\t\t\tPROGRAMME FREEDOM\n\t\t\t<p>\u00a0Cohorte 4<br \/>Acc\u00e8s jusqu'au 12 septembre 2023<\/p>\n\t\t\t\t\t\t<a href=\"https:\/\/robertsavoie.com\/membres\/freedom-cohorte-4\/\" target=\"_blank\" role=\"button\" rel=\"noopener\">\n\t\t\t\tD\u00c9BUTER ICI\t\t\t<\/a>\n\t\t\tPROGRAMME FREEDOM \n\t\t\t<p>Cohorte 3<br \/>Acc\u00e8s jusqu'au 29 mars 2023<\/p>\n\t\t\t\t\t\t<a href=\"https:\/\/robertsavoie.com\/membres\/freedom-cohorte-3\/\" target=\"_blank\" role=\"button\" rel=\"noopener\">\n\t\t\t\tD\u00c9BUTER ICI\t\t\t<\/a>\n\t\t\tPROGRAMME FREEDOM \n\t\t\t<p>2\u1d49 ann\u00e9e ( C2 &amp; C3 \/ 2022 )<br \/>Acc\u00e8s jusqu'au 2 janvier 2024<\/p>\n\t\t\t\t\t\t<a href=\"https:\/\/robertsavoie.com\/membres\/freedom-c2-2e-annee\/\" target=\"_blank\" role=\"button\" rel=\"noopener\">\n\t\t\t\tD\u00c9BUTER ICI\t\t\t<\/a>\n\t\t\tPROGRAMME FREEDOM \n\t\t\t<p>Cohorte 2 <br \/>Acc\u00e8s jusqu'au 19 septembre 2022<\/p>\n\t\t\t\t\t\t<a href=\"https:\/\/robertsavoie.com\/membres\/freedom-cohorte-2\/\" target=\"_blank\" role=\"button\" rel=\"noopener\">\n\t\t\t\tD\u00c9BUTER ICI\t\t\t<\/a>\n\t\t\tPROGRAMME FREEDOM\u00a0 \n\t\t\t<p>Cohorte 1, 2e ann\u00e9e <br \/>Acc\u00e8s jusqu'au 22 d\u00e9cembre 2022<\/p>\n\t\t\t\t\t\t<a href=\"https:\/\/robertsavoie.com\/membres\/freedom-1-2e-annee\/\" target=\"_self\" role=\"button\" rel=\"noopener\">\n\t\t\t\tD\u00c9BUTER ICI\t\t\t<\/a>\n<h3>\n\t\tCoaching de groupe\n\t<\/h3>\n\t\t\tCoaching de groupe exclusif payant \n\t\t\t<p>COACHING<\/p>\n\t\t\t\t\t\t<a href=\"https:\/\/robertsavoie.com\/membres\/coaching-de-groupe\/\" target=\"_self\" role=\"button\" rel=\"noopener\">\n\t\t\t\tACC\u00c9DEZ ICI\t\t\t<\/a>","protected":false},"excerpt":{"rendered":"<p>MON TABLEAU DE BORD Bienvenue Cliquez ici pour changer votre mot de passe Vous trouverez ci-bas l'acc\u00e8s \u00e0 vos formations. Membership D\u00c9BUTER ICI Programme Ph\u00e9nix PROGRAMME PH\u00c9NIX COHORTE 5 D\u00c9BUTER ICI PROGRAMME PH\u00c9NIX COHORTE 4 D\u00c9BUTER ICI PROGRAMME PH\u00c9NIX ANCIENNES COHORTES D\u00c9BUTER ICI PROGRAMME PH\u00c9NIX PROMO MAI 2022 D\u00c9BUTER ICI Programme en ligne CHEMIN DE [&hellip;]<\/p>\n","protected":false},"author":1,"featured_media":0,"parent":0,"menu_order":0,"comment_status":"closed","ping_status":"closed","template":"","meta":{"site-sidebar-layout":"no-sidebar","site-content-layout":"page-builder","ast-site-content-layout":"full-width-container","site-content-style":"unboxed","site-sidebar-style":"unboxed","ast-global-header-display":"","ast-banner-title-visibility":"","ast-main-header-display":"","ast-hfb-above-header-display":"","ast-hfb-below-header-display":"","ast-hfb-mobile-header-display":"","site-post-title":"disabled","ast-breadcrumbs-content":"","ast-featured-img":"disabled","footer-sml-layout":"","theme-transparent-header-meta":"default","adv-header-id-meta":"","stick-header-meta":"default","header-above-stick-meta":"","header-main-stick-meta":"","header-below-stick-meta":"","astra-migrate-meta-layouts":"set","ast-page-background-enabled":"default","ast-page-background-meta":{"desktop":{"background-color":"","background-image":"","background-repeat":"repeat","background-position":"center center","background-size":"auto","background-attachment":"scroll","background-type":"","background-media":"","overlay-type":"","overlay-color":"","overlay-gradient":""},"tablet":{"background-color":"","background-image":"","background-repeat":"repeat","background-position":"center center","background-size":"auto","background-attachment":"scroll","background-type":"","background-media":"","overlay-type":"","overlay-color":"","overlay-gradient":""},"mobile":{"background-color":"","background-image":"","background-repeat":"repeat","background-position":"center center","background-size":"auto","background-attachment":"scroll","background-type":"","background-media":"","overlay-type":"","overlay-color":"","overlay-gradient":""}},"ast-content-background-meta":{"desktop":{"background-color":"var(--ast-global-color-5)","background-image":"","background-repeat":"repeat","background-position":"center center","background-size":"auto","background-attachment":"scroll","background-type":"","background-media":"","overlay-type":"","overlay-color":"","overlay-gradient":""},"tablet":{"background-color":"var(--ast-global-color-5)","background-image":"","background-repeat":"repeat","background-position":"center center","background-size":"auto","background-attachment":"scroll","background-type":"","background-media":"","overlay-type":"","overlay-color":"","overlay-gradient":""},"mobile":{"background-color":"var(--ast-global-color-5)","background-image":"","background-repeat":"repeat","background-position":"center center","background-size":"auto","background-attachment":"scroll","background-type":"","background-media":"","overlay-type":"","overlay-color":"","overlay-gradient":""}}},"_links":{"self":[{"href":"https:\/\/robertsavoie.com\/membres\/wp-json\/wp\/v2\/pages\/30"}],"collection":[{"href":"https:\/\/robertsavoie.com\/membres\/wp-json\/wp\/v2\/pages"}],"about":[{"href":"https:\/\/robertsavoie.com\/membres\/wp-json\/wp\/v2\/types\/page"}],"author":[{"embeddable":true,"href":"https:\/\/robertsavoie.com\/membres\/wp-json\/wp\/v2\/users\/1"}],"replies":[{"embeddable":true,"href":"https:\/\/robertsavoie.com\/membres\/wp-json\/wp\/v2\/comments?post=30"}],"version-history":[{"count":90,"href":"https:\/\/robertsavoie.com\/membres\/wp-json\/wp\/v2\/pages\/30\/revisions"}],"predecessor-version":[{"id":5006,"href":"https:\/\/robertsavoie.com\/membres\/wp-json\/wp\/v2\/pages\/30\/revisions\/5006"}],"wp:attachment":[{"href":"https:\/\/robertsavoie.com\/membres\/wp-json\/wp\/v2\/media?parent=30"}],"curies":[{"name":"wp","href":"https:\/\/api.w.org\/{rel}","templated":true}]}}